{"id":31,"date":"2021-10-12T14:19:29","date_gmt":"2021-10-12T12:19:29","guid":{"rendered":"http:\/\/kasatuy.cluster031.hosting.ovh.net\/?page_id=31"},"modified":"2021-10-20T16:49:10","modified_gmt":"2021-10-20T14:49:10","slug":"contact","status":"publish","type":"page","link":"https:\/\/www.movactory.com\/index.php\/contact\/","title":{"rendered":"Contact"},"content":{"rendered":"\n<p class=\"has-text-align-center\">N&rsquo;h\u00e9sitez pas \u00e0 nous \u00e9crire pour toutes questions ou demande d&rsquo;informations!<\/p>\n\n\n<div id=\"simple-contact-form-wrap\">\n\t\t<div id=\"simple-contact-form\" class=\"scf\">\n\t\t\t<form action=\"#simple-contact-form-wrap\" method=\"post\">\n\t\t\t\t<div class=\"scf-row scf-name\">\n\t\t\t\t\t<label for=\"scf_name\">Vos Nom et Pr\u00e9nom<\/label>\n\t\t\t\t\t<input name=\"scf_name\" id=\"scf_name\" type=\"text\" size=\"33\" maxlength=\"99\" value=\"\" placeholder=\"Nom\/Pr\u00e9nom\" \/>\n\t\t\t\t<\/div>\n\t\t\t\t<div class=\"scf-row scf-email\">\n\t\t\t\t\t<label for=\"scf_email\">Votre Email<\/label>\n\t\t\t\t\t<input name=\"scf_email\" id=\"scf_email\" type=\"text\" size=\"33\" maxlength=\"99\" value=\"\" placeholder=\"Email\" \/>\n\t\t\t\t<\/div>\n\t\t<div class=\"scf-row scf-confirm-email\">\n\t\t\t<label for=\"scf_confirm_email\">Confirmez votre Email<\/label>\n\t\t\t<input name=\"scf_confirm_email\" id=\"scf_confirm_email\" type=\"text\" size=\"33\" maxlength=\"99\" value=\"\" placeholder=\"Confirmez votre Email\" \/>\n\t\t<\/div>\n\t\t\t\t<div class=\"scf-row scf-response\">\n\t\t\t\t\t<label for=\"scf_response\">1 + 3 =<\/label>\n\t\t\t\t\t<input name=\"scf_response\" id=\"scf_response\" type=\"text\" size=\"33\" maxlength=\"99\" value=\"\" placeholder=\"R\u00e9ponse\" \/>\n\t\t\t\t<\/div>\n\t\t\t\t<div class=\"scf-row scf-message\">\n\t\t\t\t\t<label for=\"scf_message\">Votre message<\/label>\n\t\t\t\t\t<textarea name=\"scf_message\" id=\"scf_message\" cols=\"33\" rows=\"7\" placeholder=\"Votre message\"><\/textarea>\n\t\t\t\t<\/div><div class=\"scf-submit\">\n\t\t\t\t\t<input type=\"submit\" id=\"scf-button\" value=\"Envoyer\">\n\t\t\t\t\t<input type=\"hidden\" id=\"scf-key\" name=\"scf-key\" value=\"process\">\n\t\t\t\t\t<input type=\"hidden\" id=\"scf-nonce\" name=\"scf-nonce\" value=\"2194fd137d\" \/>\n\t\t\t\t<\/div><\/form>\n\t\t<\/div>\n\t\t<style>.scf-confirm-checkbox { margin-top: 15px; } .scf-website3dhhsy3 { display: none; } #simple-contact-form .scf-row { width: 100%; overflow: hidden; margin: 5px 0; padding: 5px 0; border: 0; } #simple-contact-form .scf-row input { box-sizing: border-box; float: left; clear: none; width: 75%; margin: 0; } #simple-contact-form .scf-row label { box-sizing: border-box; float: left; clear: both; width: 25%; margin-top: 5px; font-size: 90%; } #simple-contact-form .scf-row textarea { box-sizing: border-box; float: left; clear: both; width: 100%; margin-top: 2px; }#simple-contact-form form { max-width: 700px; padding: 5px; } #simple-contact-form .scf-row { width: 100%; overflow: hidden; margin: 5px 0; padding: 5px 0; border: 0; } #simple-contact-form .scf-row input { box-sizing: border-box; float: left; clear: none; width: 75%; margin: 0; } #simple-contact-form .scf-row label { box-sizing: border-box; float: left; clear: both; width: 25%; margin-top: 5px; font-size: 90%; } #simple-contact-form .scf-row textarea { box-sizing: border-box; float: left; clear: both; width: 100%; margin-top: 2px; } #scf_success pre { white-space: pre-wrap; } p.scf_error, p.scf_spam { color: #cc0000; } div.scf-submit { margin-top: 10px; } p.scf_success { color: #669966; } .scf-confirm-checkbox { margin-top: 15px; } .scf-website3dhhsy3 { display: none; }<\/style><div style=\"clear:both\">&nbsp;<\/div><\/div>\n\n\n\n<div class=\"wp-block-image\"><figure class=\"aligncenter size-large is-resized\"><img loading=\"lazy\" src=\"https:\/\/www.movactory.com\/wp-content\/uploads\/2021\/10\/cropped-g61931-1024x201.png\" alt=\"\" class=\"wp-image-89\" width=\"282\" height=\"54\" srcset=\"https:\/\/www.movactory.com\/wp-content\/uploads\/2021\/10\/cropped-g61931-1024x201.png 1024w, https:\/\/www.movactory.com\/wp-content\/uploads\/2021\/10\/cropped-g61931-300x59.png 300w, https:\/\/www.movactory.com\/wp-content\/uploads\/2021\/10\/cropped-g61931-768x151.png 768w, https:\/\/www.movactory.com\/wp-content\/uploads\/2021\/10\/cropped-g61931-1536x301.png 1536w, https:\/\/www.movactory.com\/wp-content\/uploads\/2021\/10\/cropped-g61931-306x60.png 306w, https:\/\/www.movactory.com\/wp-content\/uploads\/2021\/10\/cropped-g61931.png 1540w\" sizes=\"(max-width: 282px) 100vw, 282px\" \/><\/figure><\/div>\n","protected":false},"excerpt":{"rendered":"<p>N&rsquo;h\u00e9sitez pas \u00e0 nous \u00e9crire pour toutes questions ou demande d&rsquo;informations!<\/p>\n","protected":false},"author":1,"featured_media":104,"parent":0,"menu_order":0,"comment_status":"closed","ping_status":"closed","template":"","meta":{"hide_page_title":""},"_links":{"self":[{"href":"https:\/\/www.movactory.com\/index.php\/wp-json\/wp\/v2\/pages\/31"}],"collection":[{"href":"https:\/\/www.movactory.com\/index.php\/wp-json\/wp\/v2\/pages"}],"about":[{"href":"https:\/\/www.movactory.com\/index.php\/wp-json\/wp\/v2\/types\/page"}],"author":[{"embeddable":true,"href":"https:\/\/www.movactory.com\/index.php\/wp-json\/wp\/v2\/users\/1"}],"replies":[{"embeddable":true,"href":"https:\/\/www.movactory.com\/index.php\/wp-json\/wp\/v2\/comments?post=31"}],"version-history":[{"count":9,"href":"https:\/\/www.movactory.com\/index.php\/wp-json\/wp\/v2\/pages\/31\/revisions"}],"predecessor-version":[{"id":126,"href":"https:\/\/www.movactory.com\/index.php\/wp-json\/wp\/v2\/pages\/31\/revisions\/126"}],"wp:featuredmedia":[{"embeddable":true,"href":"https:\/\/www.movactory.com\/index.php\/wp-json\/wp\/v2\/media\/104"}],"wp:attachment":[{"href":"https:\/\/www.movactory.com\/index.php\/wp-json\/wp\/v2\/media?parent=31"}],"curies":[{"name":"wp","href":"https:\/\/api.w.org\/{rel}","templated":true}]}}